{"id":6,"date":"2024-02-15T20:33:26","date_gmt":"2024-02-15T23:33:26","guid":{"rendered":"https:\/\/bruno.omeltech.com\/?page_id=6"},"modified":"2024-02-16T21:48:18","modified_gmt":"2024-02-17T00:48:18","slug":"home","status":"publish","type":"page","link":"https:\/\/bruno.omeltech.com\/","title":{"rendered":"Home"},"content":{"rendered":"\n<div class=\"wp-block-cover alignfull is-light\" style=\"min-height:700px\"><span aria-hidden=\"true\" class=\"wp-block-cover__background has-background-dim-0 has-background-dim\"><\/span><img loading=\"lazy\" decoding=\"async\" width=\"2388\" height=\"1668\" class=\"wp-block-cover__image-background wp-image-72\" alt=\"\" src=\"https:\/\/bruno.omeltech.com\/wp-content\/uploads\/2024\/02\/design-a-minimalist-colorful-wallpaper.webp\" data-object-fit=\"cover\" srcset=\"https:\/\/bruno.omeltech.com\/wp-content\/uploads\/2024\/02\/design-a-minimalist-colorful-wallpaper.webp 2388w, https:\/\/bruno.omeltech.com\/wp-content\/uploads\/2024\/02\/design-a-minimalist-colorful-wallpaper-300x210.webp 300w, https:\/\/bruno.omeltech.com\/wp-content\/uploads\/2024\/02\/design-a-minimalist-colorful-wallpaper-1024x715.webp 1024w, https:\/\/bruno.omeltech.com\/wp-content\/uploads\/2024\/02\/design-a-minimalist-colorful-wallpaper-768x536.webp 768w, https:\/\/bruno.omeltech.com\/wp-content\/uploads\/2024\/02\/design-a-minimalist-colorful-wallpaper-1536x1073.webp 1536w, https:\/\/bruno.omeltech.com\/wp-content\/uploads\/2024\/02\/design-a-minimalist-colorful-wallpaper-2048x1431.webp 2048w\" sizes=\"(max-width: 2388px) 100vw, 2388px\" \/><div class=\"wp-block-cover__inner-container is-layout-flow wp-block-cover-is-layout-flow\">\n<div style=\"height:80px\" aria-hidden=\"true\" class=\"wp-block-spacer\"><\/div>\n\n\n\n<div class=\"wp-block-group is-layout-constrained wp-block-group-is-layout-constrained\"><div class=\"wp-block-group__inner-container\">\n<div class=\"wp-block-group is-nowrap is-layout-flex wp-container-core-group-layout-1 wp-block-group-is-layout-flex\">\n<h1 class=\"wp-block-heading has-text-align-left has-text-color\" style=\"color:#121212\">Prepare-se para a revolu\u00e7\u00e3o na forma como trabalhamos! <\/h1>\n\n\n\n<h1 class=\"wp-block-heading has-text-align-center has-text-color\" style=\"color:#121212\">                             <\/h1>\n<\/div>\n<\/div><\/div>\n\n\n\n<p class=\"has-text-align-left has-text-color\" style=\"color:#121212;font-size:17px\">Bruno Omeltech \u00e9 o guia ideal para para liderar a transforma\u00e7\u00e3o tecnol\u00f3gico e moldar o futuro das rela\u00e7\u00f5es de trabalho.<\/p>\n\n\n\n<div class=\"wp-block-buttons is-content-justification-left is-layout-flex wp-container-core-buttons-layout-1 wp-block-buttons-is-layout-flex\">\n<div class=\"wp-block-button is-style-primary\"><a class=\"wp-block-button__link wp-element-button\" href=\"https:\/\/nas.io\/pt-br\/omeltech?fbclid=PAAabYwqwN3eHSQF4vpmSOfHzEDmlYk6_EY7ZzWuITlUI04Gq-nJsIFCzpEBE_aem_ASjQl_tXbZAHDnP50cxCDzzzrWWjy77nEZ_ERzSD6i5mYBZqsxz51GE331licDdIGvU\">INSCREVA-SE PARA RECEBER INFORMA\u00c7\u00d5ES<\/a><\/div>\n\n\n\n<div class=\"wp-block-button is-style-secondary\"><a class=\"wp-block-button__link wp-element-button\" href=\"https:\/\/omeltech.com\" target=\"_blank\" rel=\"noreferrer noopener\">CONHE\u00c7A A OMELTECH <\/a><\/div>\n<\/div>\n\n\n\n<div style=\"height:80px\" aria-hidden=\"true\" class=\"wp-block-spacer\"><\/div>\n\n\n\n<div style=\"height:80px\" aria-hidden=\"true\" class=\"wp-block-spacer\"><\/div>\n\n\n\n<p><\/p>\n<\/div><\/div>\n\n\n\n<div style=\"height:80px\" aria-hidden=\"true\" class=\"wp-block-spacer\"><\/div>\n\n\n\n<div class=\"wp-block-columns is-layout-flex wp-container-core-columns-layout-1 wp-block-columns-is-layout-flex\">\n<div class=\"wp-block-column is-layout-flow wp-block-column-is-layout-flow\"><div class=\"wp-block-image is-resized icon-style is-style-default\">\n<figure class=\"aligncenter size-large\"><img loading=\"lazy\" decoding=\"async\" width=\"1024\" height=\"1024\" src=\"https:\/\/bruno.omeltech.com\/wp-content\/uploads\/2024\/02\/WhatsApp-Image-2024-02-16-at-21.40.00-1024x1024.jpeg\" alt=\"\" class=\"wp-image-84\" style=\"width:107px;height:auto\" srcset=\"https:\/\/bruno.omeltech.com\/wp-content\/uploads\/2024\/02\/WhatsApp-Image-2024-02-16-at-21.40.00-1024x1024.jpeg 1024w, https:\/\/bruno.omeltech.com\/wp-content\/uploads\/2024\/02\/WhatsApp-Image-2024-02-16-at-21.40.00-300x300.jpeg 300w, https:\/\/bruno.omeltech.com\/wp-content\/uploads\/2024\/02\/WhatsApp-Image-2024-02-16-at-21.40.00-150x150.jpeg 150w, https:\/\/bruno.omeltech.com\/wp-content\/uploads\/2024\/02\/WhatsApp-Image-2024-02-16-at-21.40.00-768x768.jpeg 768w, https:\/\/bruno.omeltech.com\/wp-content\/uploads\/2024\/02\/WhatsApp-Image-2024-02-16-at-21.40.00-1536x1536.jpeg 1536w, https:\/\/bruno.omeltech.com\/wp-content\/uploads\/2024\/02\/WhatsApp-Image-2024-02-16-at-21.40.00.jpeg 1600w\" sizes=\"(max-width: 1024px) 100vw, 1024px\" \/><\/figure><\/div>\n\n\n<div style=\"height:20px\" aria-hidden=\"true\" class=\"wp-block-spacer\"><\/div>\n\n\n\n<h3 class=\"wp-block-heading has-text-align-center has-neve-text-color-color has-text-color\">Compromisso<\/h3>\n\n\n\n<p class=\"has-text-align-center\">Temos responsabilidade em rela\u00e7\u00e3o aos objetivos, miss\u00e3o e vis\u00e3o da organiza\u00e7\u00e3o \u00e0 qual nos associamos.<\/p>\n\n\n\n<div style=\"height:20px\" aria-hidden=\"true\" class=\"wp-block-spacer\"><\/div>\n<\/div>\n\n\n\n<div class=\"wp-block-column is-layout-flow wp-block-column-is-layout-flow\"><div class=\"wp-block-image is-resized icon-style is-style-default\">\n<figure class=\"aligncenter size-large\"><img loading=\"lazy\" decoding=\"async\" width=\"1024\" height=\"1024\" src=\"https:\/\/bruno.omeltech.com\/wp-content\/uploads\/2024\/02\/WhatsApp-Image-2024-02-16-at-21.40.01-1024x1024.jpeg\" alt=\"\" class=\"wp-image-85\" style=\"width:107px;height:auto\" srcset=\"https:\/\/bruno.omeltech.com\/wp-content\/uploads\/2024\/02\/WhatsApp-Image-2024-02-16-at-21.40.01-1024x1024.jpeg 1024w, https:\/\/bruno.omeltech.com\/wp-content\/uploads\/2024\/02\/WhatsApp-Image-2024-02-16-at-21.40.01-300x300.jpeg 300w, https:\/\/bruno.omeltech.com\/wp-content\/uploads\/2024\/02\/WhatsApp-Image-2024-02-16-at-21.40.01-150x150.jpeg 150w, https:\/\/bruno.omeltech.com\/wp-content\/uploads\/2024\/02\/WhatsApp-Image-2024-02-16-at-21.40.01-768x768.jpeg 768w, https:\/\/bruno.omeltech.com\/wp-content\/uploads\/2024\/02\/WhatsApp-Image-2024-02-16-at-21.40.01-1536x1536.jpeg 1536w, https:\/\/bruno.omeltech.com\/wp-content\/uploads\/2024\/02\/WhatsApp-Image-2024-02-16-at-21.40.01.jpeg 1600w\" sizes=\"(max-width: 1024px) 100vw, 1024px\" \/><\/figure><\/div>\n\n\n<div style=\"height:20px\" aria-hidden=\"true\" class=\"wp-block-spacer\"><\/div>\n\n\n\n<h3 class=\"wp-block-heading has-text-align-center has-neve-text-color-color has-text-color\">Produtividade <\/h3>\n\n\n\n<p class=\"has-text-align-center\">Mais rapidez e efici\u00eancia, sem perder a qualidade.<\/p>\n\n\n\n<div style=\"height:20px\" aria-hidden=\"true\" class=\"wp-block-spacer\"><\/div>\n<\/div>\n\n\n\n<div class=\"wp-block-column is-layout-flow wp-block-column-is-layout-flow\"><div class=\"wp-block-image is-resized icon-style is-style-rounded\">\n<figure class=\"aligncenter size-large\"><img loading=\"lazy\" decoding=\"async\" width=\"1024\" height=\"1024\" src=\"https:\/\/bruno.omeltech.com\/wp-content\/uploads\/2024\/02\/WhatsApp-Image-2024-02-16-at-21.40.00-1-1024x1024.jpeg\" alt=\"\" class=\"wp-image-86\" style=\"width:109px;height:auto\" srcset=\"https:\/\/bruno.omeltech.com\/wp-content\/uploads\/2024\/02\/WhatsApp-Image-2024-02-16-at-21.40.00-1-1024x1024.jpeg 1024w, https:\/\/bruno.omeltech.com\/wp-content\/uploads\/2024\/02\/WhatsApp-Image-2024-02-16-at-21.40.00-1-300x300.jpeg 300w, https:\/\/bruno.omeltech.com\/wp-content\/uploads\/2024\/02\/WhatsApp-Image-2024-02-16-at-21.40.00-1-150x150.jpeg 150w, https:\/\/bruno.omeltech.com\/wp-content\/uploads\/2024\/02\/WhatsApp-Image-2024-02-16-at-21.40.00-1-768x768.jpeg 768w, https:\/\/bruno.omeltech.com\/wp-content\/uploads\/2024\/02\/WhatsApp-Image-2024-02-16-at-21.40.00-1-1536x1536.jpeg 1536w, https:\/\/bruno.omeltech.com\/wp-content\/uploads\/2024\/02\/WhatsApp-Image-2024-02-16-at-21.40.00-1.jpeg 1600w\" sizes=\"(max-width: 1024px) 100vw, 1024px\" \/><\/figure><\/div>\n\n\n<div style=\"height:20px\" aria-hidden=\"true\" class=\"wp-block-spacer\"><\/div>\n\n\n\n<h3 class=\"wp-block-heading has-text-align-center has-neve-text-color-color has-text-color\">Inova\u00e7\u00e3o<\/h3>\n\n\n\n<p class=\"has-text-align-center\">Incentivando a criatividade de nossas equipes e a ades\u00e3o de t\u00e9cnicas inovadoras de mercado. <\/p>\n\n\n\n<div style=\"height:20px\" aria-hidden=\"true\" class=\"wp-block-spacer\"><\/div>\n<\/div>\n<\/div>\n\n\n\n<div class=\"wp-block-cover alignfull is-light\" style=\"min-height:600px\"><span aria-hidden=\"true\" class=\"wp-block-cover__background has-nv-light-bg-background-color has-background-dim\"><\/span><img loading=\"lazy\" decoding=\"async\" width=\"1686\" height=\"980\" class=\"wp-block-cover__image-background wp-image-74\" alt=\"\" src=\"https:\/\/bruno.omeltech.com\/wp-content\/uploads\/2024\/02\/abstract-colorful-geometric-shapes-background-free-vector.jpg\" data-object-fit=\"cover\" srcset=\"https:\/\/bruno.omeltech.com\/wp-content\/uploads\/2024\/02\/abstract-colorful-geometric-shapes-background-free-vector.jpg 1686w, https:\/\/bruno.omeltech.com\/wp-content\/uploads\/2024\/02\/abstract-colorful-geometric-shapes-background-free-vector-300x174.jpg 300w, https:\/\/bruno.omeltech.com\/wp-content\/uploads\/2024\/02\/abstract-colorful-geometric-shapes-background-free-vector-1024x595.jpg 1024w, https:\/\/bruno.omeltech.com\/wp-content\/uploads\/2024\/02\/abstract-colorful-geometric-shapes-background-free-vector-768x446.jpg 768w, https:\/\/bruno.omeltech.com\/wp-content\/uploads\/2024\/02\/abstract-colorful-geometric-shapes-background-free-vector-1536x893.jpg 1536w\" sizes=\"(max-width: 1686px) 100vw, 1686px\" \/><div class=\"wp-block-cover__inner-container is-layout-flow wp-block-cover-is-layout-flow\">\n<div class=\"wp-block-group is-layout-flow wp-block-group-is-layout-flow\"><div class=\"wp-block-group__inner-container\">\n<div style=\"height:80px\" aria-hidden=\"true\" class=\"wp-block-spacer\"><\/div>\n\n\n\n<div class=\"wp-block-columns are-vertically-aligned-center is-layout-flex wp-container-core-columns-layout-2 wp-block-columns-is-layout-flex\">\n<div class=\"wp-block-column is-vertically-aligned-center is-layout-flow wp-block-column-is-layout-flow\" style=\"flex-basis:50%\">\n<figure class=\"wp-block-image size-large is-resized has-custom-border is-style-rounded wp-duotone-unset-1\"><img loading=\"lazy\" decoding=\"async\" width=\"768\" height=\"1024\" src=\"https:\/\/bruno.omeltech.com\/wp-content\/uploads\/2024\/02\/WhatsApp-Image-2024-02-04-at-16.19.51-1-768x1024.jpeg\" alt=\"\" class=\"has-border-color has-nv-text-dark-bg-border-color wp-image-39\" style=\"border-width:35px;width:522px;height:auto\" srcset=\"https:\/\/bruno.omeltech.com\/wp-content\/uploads\/2024\/02\/WhatsApp-Image-2024-02-04-at-16.19.51-1-768x1024.jpeg 768w, https:\/\/bruno.omeltech.com\/wp-content\/uploads\/2024\/02\/WhatsApp-Image-2024-02-04-at-16.19.51-1-225x300.jpeg 225w, https:\/\/bruno.omeltech.com\/wp-content\/uploads\/2024\/02\/WhatsApp-Image-2024-02-04-at-16.19.51-1-1152x1536.jpeg 1152w, https:\/\/bruno.omeltech.com\/wp-content\/uploads\/2024\/02\/WhatsApp-Image-2024-02-04-at-16.19.51-1.jpeg 1200w\" sizes=\"(max-width: 768px) 100vw, 768px\" \/><\/figure>\n<\/div>\n\n\n\n<div class=\"wp-block-column is-vertically-aligned-center is-layout-flow wp-block-column-is-layout-flow\" style=\"flex-basis:50%\">\n<div style=\"height:20px\" aria-hidden=\"true\" class=\"wp-block-spacer\"><\/div>\n\n\n\n<h2 class=\"wp-block-heading has-text-align-left has-neve-text-color-color has-text-color\">EXPERI\u00caNCIA COMPROVADA<\/h2>\n\n\n\n<p class=\"has-text-align-left has-neve-text-color-color has-text-color\" style=\"font-size:17px\">H\u00e1 mais de 15 anos na \u00e1rea de Educa\u00e7\u00e3o e Desenvolvimento de Pessoas.<\/p>\n\n\n\n<div class=\"wp-block-buttons is-content-justification-left is-layout-flex wp-container-core-buttons-layout-2 wp-block-buttons-is-layout-flex\">\n<div class=\"wp-block-button is-style-primary\"><a class=\"wp-block-button__link wp-element-button\" href=\"#\">SAIBA MAIS<\/a><\/div>\n<\/div>\n<\/div>\n<\/div>\n\n\n\n<div style=\"height:40px\" aria-hidden=\"true\" class=\"wp-block-spacer\"><\/div>\n<\/div><\/div>\n<\/div><\/div>\n\n\n\n<div class=\"wp-block-columns is-layout-flex wp-container-core-columns-layout-4 wp-block-columns-is-layout-flex\">\n<div class=\"wp-block-column is-layout-flow wp-block-column-is-layout-flow\" style=\"flex-basis:100%\">\n<div class=\"wp-block-cover alignfull is-light\" style=\"min-height:600px\"><span aria-hidden=\"true\" class=\"wp-block-cover__background has-nv-site-bg-background-color has-background-dim-100 has-background-dim\"><\/span><div class=\"wp-block-cover__inner-container is-layout-flow wp-block-cover-is-layout-flow\">\n<div class=\"wp-block-group is-layout-flow wp-block-group-is-layout-flow\"><div class=\"wp-block-group__inner-container\">\n<div style=\"height:80px\" aria-hidden=\"true\" class=\"wp-block-spacer\"><\/div>\n\n\n\n<div class=\"wp-block-columns are-vertically-aligned-center is-layout-flex wp-container-core-columns-layout-3 wp-block-columns-is-layout-flex\">\n<div class=\"wp-block-column is-vertically-aligned-center is-layout-flow wp-block-column-is-layout-flow\" style=\"flex-basis:50%\">\n<h2 class=\"wp-block-heading has-text-align-left has-neve-text-color-color has-text-color\">ABORDAGEM INOVADORA<\/h2>\n\n\n\n<p class=\"has-text-align-left has-neve-text-color-color has-text-color\" style=\"font-size:17px\">Nossos eventos destacam-se por uma abordagem inovadora, combinando conte\u00fado pr\u00e1tico, insights valiosos e din\u00e2micas interativas.&nbsp;<\/p>\n\n\n\n<div class=\"wp-block-buttons is-content-justification-left is-layout-flex wp-container-core-buttons-layout-3 wp-block-buttons-is-layout-flex\">\n<div class=\"wp-block-button is-style-primary\"><a class=\"wp-block-button__link wp-element-button\" href=\"#\">SAIBA MAIS<\/a><\/div>\n<\/div>\n\n\n\n<div style=\"height:40px\" aria-hidden=\"true\" class=\"wp-block-spacer\"><\/div>\n<\/div>\n\n\n\n<div class=\"wp-block-column is-vertically-aligned-center is-layout-flow wp-block-column-is-layout-flow\" style=\"flex-basis:50%\">\n<figure class=\"wp-block-image size-large is-resized has-custom-border is-style-rounded\"><img loading=\"lazy\" decoding=\"async\" width=\"768\" height=\"1024\" src=\"https:\/\/bruno.omeltech.com\/wp-content\/uploads\/2024\/02\/WhatsApp-Image-2024-02-04-at-16.19.52-768x1024.jpeg\" alt=\"\" class=\"has-border-color has-nv-c-1-border-color wp-image-41\" style=\"border-width:34px;width:551px;height:auto\" srcset=\"https:\/\/bruno.omeltech.com\/wp-content\/uploads\/2024\/02\/WhatsApp-Image-2024-02-04-at-16.19.52-768x1024.jpeg 768w, https:\/\/bruno.omeltech.com\/wp-content\/uploads\/2024\/02\/WhatsApp-Image-2024-02-04-at-16.19.52-225x300.jpeg 225w, https:\/\/bruno.omeltech.com\/wp-content\/uploads\/2024\/02\/WhatsApp-Image-2024-02-04-at-16.19.52-1152x1536.jpeg 1152w, https:\/\/bruno.omeltech.com\/wp-content\/uploads\/2024\/02\/WhatsApp-Image-2024-02-04-at-16.19.52.jpeg 1200w\" sizes=\"(max-width: 768px) 100vw, 768px\" \/><\/figure>\n<\/div>\n<\/div>\n\n\n\n<div style=\"height:40px\" aria-hidden=\"true\" class=\"wp-block-spacer\"><\/div>\n<\/div><\/div>\n<\/div><\/div>\n<\/div>\n<\/div>\n\n\n\n<div class=\"wp-block-cover alignfull is-light\" style=\"min-height:600px\"><span aria-hidden=\"true\" class=\"wp-block-cover__background has-nv-dark-bg-background-color has-background-dim\"><\/span><img loading=\"lazy\" decoding=\"async\" width=\"1686\" height=\"980\" class=\"wp-block-cover__image-background wp-image-76\" alt=\"\" src=\"https:\/\/bruno.omeltech.com\/wp-content\/uploads\/2024\/02\/abstract-colorful-geometric-shapes-background-free-vector-1.jpg\" data-object-fit=\"cover\" srcset=\"https:\/\/bruno.omeltech.com\/wp-content\/uploads\/2024\/02\/abstract-colorful-geometric-shapes-background-free-vector-1.jpg 1686w, https:\/\/bruno.omeltech.com\/wp-content\/uploads\/2024\/02\/abstract-colorful-geometric-shapes-background-free-vector-1-300x174.jpg 300w, https:\/\/bruno.omeltech.com\/wp-content\/uploads\/2024\/02\/abstract-colorful-geometric-shapes-background-free-vector-1-1024x595.jpg 1024w, https:\/\/bruno.omeltech.com\/wp-content\/uploads\/2024\/02\/abstract-colorful-geometric-shapes-background-free-vector-1-768x446.jpg 768w, https:\/\/bruno.omeltech.com\/wp-content\/uploads\/2024\/02\/abstract-colorful-geometric-shapes-background-free-vector-1-1536x893.jpg 1536w\" sizes=\"(max-width: 1686px) 100vw, 1686px\" \/><div class=\"wp-block-cover__inner-container is-layout-flow wp-block-cover-is-layout-flow\">\n<div class=\"wp-block-group is-layout-flow wp-block-group-is-layout-flow\"><div class=\"wp-block-group__inner-container\">\n<div style=\"height:80px\" aria-hidden=\"true\" class=\"wp-block-spacer\"><\/div>\n\n\n\n<div class=\"wp-block-columns are-vertically-aligned-center is-layout-flex wp-container-core-columns-layout-5 wp-block-columns-is-layout-flex\">\n<div class=\"wp-block-column is-vertically-aligned-center is-layout-flow wp-block-column-is-layout-flow\" style=\"flex-basis:50%\">\n<figure class=\"wp-block-image size-large is-resized has-custom-border is-style-rounded\"><img loading=\"lazy\" decoding=\"async\" width=\"768\" height=\"1024\" src=\"https:\/\/bruno.omeltech.com\/wp-content\/uploads\/2024\/02\/WhatsApp-Image-2024-02-04-at-16.19.50-768x1024.jpeg\" alt=\"\" class=\"has-border-color has-nv-site-bg-border-color wp-image-46\" style=\"border-width:35px;width:543px;height:auto\" srcset=\"https:\/\/bruno.omeltech.com\/wp-content\/uploads\/2024\/02\/WhatsApp-Image-2024-02-04-at-16.19.50-768x1024.jpeg 768w, https:\/\/bruno.omeltech.com\/wp-content\/uploads\/2024\/02\/WhatsApp-Image-2024-02-04-at-16.19.50-225x300.jpeg 225w, https:\/\/bruno.omeltech.com\/wp-content\/uploads\/2024\/02\/WhatsApp-Image-2024-02-04-at-16.19.50-1152x1536.jpeg 1152w, https:\/\/bruno.omeltech.com\/wp-content\/uploads\/2024\/02\/WhatsApp-Image-2024-02-04-at-16.19.50.jpeg 1200w\" sizes=\"(max-width: 768px) 100vw, 768px\" \/><\/figure>\n<\/div>\n\n\n\n<div class=\"wp-block-column is-vertically-aligned-center is-layout-flow wp-block-column-is-layout-flow\" style=\"flex-basis:50%\">\n<div style=\"height:40px\" aria-hidden=\"true\" class=\"wp-block-spacer\"><\/div>\n\n\n\n<h2 class=\"wp-block-heading has-text-align-left has-nv-text-dark-bg-color has-text-color\">FOCO NA PR\u00c1TICA<\/h2>\n\n\n\n<p class=\"has-text-align-left has-nv-text-dark-bg-color has-text-color\" style=\"font-size:17px\">Nosso trabalho n\u00e3o \u00e9 traduzir as principais metodologias e experi\u00eancias apenas no idioma. Com a sua vasta experi\u00eancia, Bruno consegue traduzir as pr\u00e1ticas aprendidas em polos de inova\u00e7\u00e3o para a realidade das empresas brasileiras.&nbsp;&nbsp;<\/p>\n\n\n\n<div class=\"wp-block-buttons is-content-justification-left is-layout-flex wp-container-core-buttons-layout-4 wp-block-buttons-is-layout-flex\">\n<div class=\"wp-block-button is-style-primary\"><a class=\"wp-block-button__link wp-element-button\" href=\"#\">SAIBA MAIS<\/a><\/div>\n<\/div>\n<\/div>\n<\/div>\n\n\n\n<div style=\"height:40px\" aria-hidden=\"true\" class=\"wp-block-spacer\"><\/div>\n<\/div><\/div>\n<\/div><\/div>\n\n\n\n<div style=\"height:40px\" aria-hidden=\"true\" class=\"wp-block-spacer\"><\/div>\n\n\n\n<div class=\"wp-block-cover alignfull is-light\" style=\"min-height:600px\"><span aria-hidden=\"true\" class=\"wp-block-cover__background has-nv-site-bg-background-color has-background-dim-100 has-background-dim\"><\/span><div class=\"wp-block-cover__inner-container is-layout-flow wp-block-cover-is-layout-flow\">\n<div class=\"wp-block-group is-layout-flow wp-block-group-is-layout-flow\"><div class=\"wp-block-group__inner-container\">\n<div style=\"height:80px\" aria-hidden=\"true\" class=\"wp-block-spacer\"><\/div>\n\n\n\n<div class=\"wp-block-columns are-vertically-aligned-center is-layout-flex wp-container-core-columns-layout-6 wp-block-columns-is-layout-flex\">\n<div class=\"wp-block-column is-vertically-aligned-center is-layout-flow wp-block-column-is-layout-flow\" style=\"flex-basis:50%\">\n<h2 class=\"wp-block-heading has-text-align-left has-neve-text-color-color has-text-color\">PERSONALIZA\u00c7\u00c3O<\/h2>\n\n\n\n<p class=\"has-text-align-left has-neve-text-color-color has-text-color\" style=\"font-size:17px\">Adaptamos nossos Workshops para atender \u00e0s necessidades espec\u00edficas da sua equipe ou evento, garantindo resultados tang\u00edveis e duradouros.&nbsp;<\/p>\n\n\n\n<div class=\"wp-block-buttons is-content-justification-left is-layout-flex wp-container-core-buttons-layout-5 wp-block-buttons-is-layout-flex\">\n<div class=\"wp-block-button is-style-primary\"><a class=\"wp-block-button__link wp-element-button\" href=\"#\">SAIBA MAIS<\/a><\/div>\n<\/div>\n\n\n\n<div style=\"height:40px\" aria-hidden=\"true\" class=\"wp-block-spacer\"><\/div>\n<\/div>\n\n\n\n<div class=\"wp-block-column is-vertically-aligned-center is-layout-flow wp-block-column-is-layout-flow\" style=\"flex-basis:50%\">\n<figure class=\"wp-block-image size-large is-resized has-custom-border is-style-rounded\"><img loading=\"lazy\" decoding=\"async\" width=\"768\" height=\"1024\" src=\"https:\/\/bruno.omeltech.com\/wp-content\/uploads\/2024\/02\/WhatsApp-Image-2024-02-04-at-16.19.52-768x1024.jpeg\" alt=\"\" class=\"has-border-color has-neve-link-color-border-color wp-image-41\" style=\"border-width:35px;width:570px;height:auto\" srcset=\"https:\/\/bruno.omeltech.com\/wp-content\/uploads\/2024\/02\/WhatsApp-Image-2024-02-04-at-16.19.52-768x1024.jpeg 768w, https:\/\/bruno.omeltech.com\/wp-content\/uploads\/2024\/02\/WhatsApp-Image-2024-02-04-at-16.19.52-225x300.jpeg 225w, https:\/\/bruno.omeltech.com\/wp-content\/uploads\/2024\/02\/WhatsApp-Image-2024-02-04-at-16.19.52-1152x1536.jpeg 1152w, https:\/\/bruno.omeltech.com\/wp-content\/uploads\/2024\/02\/WhatsApp-Image-2024-02-04-at-16.19.52.jpeg 1200w\" sizes=\"(max-width: 768px) 100vw, 768px\" \/><\/figure>\n<\/div>\n<\/div>\n\n\n\n<div style=\"height:40px\" aria-hidden=\"true\" class=\"wp-block-spacer\"><\/div>\n<\/div><\/div>\n<\/div><\/div>\n\n\n\n<div class=\"wp-block-cover alignfull is-light\" style=\"min-height:300px\"><span aria-hidden=\"true\" class=\"wp-block-cover__background has-nv-dark-bg-background-color has-background-dim\"><\/span><img loading=\"lazy\" decoding=\"async\" width=\"1686\" height=\"980\" class=\"wp-block-cover__image-background wp-image-77\" alt=\"\" src=\"https:\/\/bruno.omeltech.com\/wp-content\/uploads\/2024\/02\/abstract-colorful-geometric-shapes-background-free-vector-2.jpg\" data-object-fit=\"cover\" srcset=\"https:\/\/bruno.omeltech.com\/wp-content\/uploads\/2024\/02\/abstract-colorful-geometric-shapes-background-free-vector-2.jpg 1686w, https:\/\/bruno.omeltech.com\/wp-content\/uploads\/2024\/02\/abstract-colorful-geometric-shapes-background-free-vector-2-300x174.jpg 300w, https:\/\/bruno.omeltech.com\/wp-content\/uploads\/2024\/02\/abstract-colorful-geometric-shapes-background-free-vector-2-1024x595.jpg 1024w, https:\/\/bruno.omeltech.com\/wp-content\/uploads\/2024\/02\/abstract-colorful-geometric-shapes-background-free-vector-2-768x446.jpg 768w, https:\/\/bruno.omeltech.com\/wp-content\/uploads\/2024\/02\/abstract-colorful-geometric-shapes-background-free-vector-2-1536x893.jpg 1536w\" sizes=\"(max-width: 1686px) 100vw, 1686px\" \/><div class=\"wp-block-cover__inner-container is-layout-flow wp-block-cover-is-layout-flow\">\n<div style=\"height:140px\" aria-hidden=\"true\" class=\"wp-block-spacer\"><\/div>\n\n\n\n<h2 class=\"wp-block-heading has-text-align-center has-nv-text-dark-bg-color has-text-color\">Vamos trabalhar juntos no seu pr\u00f3ximo projeto!<\/h2>\n\n\n\n<p class=\"has-text-align-center has-nv-site-bg-color has-text-color has-link-color has-medium-font-size wp-elements-86ca05b8feada065dc60ef21b4532ccc\">Acesse o formul\u00e1rio abaixo e aproveite a oportunidade de receber as melhores informa\u00e7\u00f5es em destaque no mercado de trabalho!<\/p>\n\n\n\n<div class=\"wp-block-buttons is-content-justification-center is-layout-flex wp-container-core-buttons-layout-6 wp-block-buttons-is-layout-flex\">\n<div class=\"wp-block-button is-style-primary\"><a class=\"wp-block-button__link wp-element-button\" href=\"#\">ENTRE EM CONTATO<\/a><\/div>\n<\/div>\n\n\n\n<div style=\"height:140px\" aria-hidden=\"true\" class=\"wp-block-spacer\"><\/div>\n<\/div><\/div>\n","protected":false},"excerpt":{"rendered":"<p>Compromisso Temos responsabilidade em rela\u00e7\u00e3o aos objetivos, miss\u00e3o e vis\u00e3o da organiza\u00e7\u00e3o \u00e0 qual nos associamos. Produtividade Mais rapidez e efici\u00eancia, sem perder a qualidade. Inova\u00e7\u00e3o Incentivando a criatividade de nossas equipes e a ades\u00e3o de t\u00e9cnicas inovadoras de mercado.<\/p>\n","protected":false},"author":1,"featured_media":0,"parent":0,"menu_order":0,"comment_status":"closed","ping_status":"closed","template":"","meta":{"neve_meta_sidebar":"","neve_meta_container":"","neve_meta_enable_content_width":"on","neve_meta_content_width":100,"neve_meta_title_alignment":"","neve_meta_author_avatar":"","neve_post_elements_order":"","neve_meta_disable_header":"","neve_meta_disable_footer":"","neve_meta_disable_title":"on","footnotes":""},"_links":{"self":[{"href":"https:\/\/bruno.omeltech.com\/index.php\/wp-json\/wp\/v2\/pages\/6"}],"collection":[{"href":"https:\/\/bruno.omeltech.com\/index.php\/wp-json\/wp\/v2\/pages"}],"about":[{"href":"https:\/\/bruno.omeltech.com\/index.php\/wp-json\/wp\/v2\/types\/page"}],"author":[{"embeddable":true,"href":"https:\/\/bruno.omeltech.com\/index.php\/wp-json\/wp\/v2\/users\/1"}],"replies":[{"embeddable":true,"href":"https:\/\/bruno.omeltech.com\/index.php\/wp-json\/wp\/v2\/comments?post=6"}],"version-history":[{"count":25,"href":"https:\/\/bruno.omeltech.com\/index.php\/wp-json\/wp\/v2\/pages\/6\/revisions"}],"predecessor-version":[{"id":90,"href":"https:\/\/bruno.omeltech.com\/index.php\/wp-json\/wp\/v2\/pages\/6\/revisions\/90"}],"wp:attachment":[{"href":"https:\/\/bruno.omeltech.com\/index.php\/wp-json\/wp\/v2\/media?parent=6"}],"curies":[{"name":"wp","href":"https:\/\/api.w.org\/{rel}","templated":true}]}}